{"id":130,"date":"2024-08-20T06:31:12","date_gmt":"2024-08-20T06:31:12","guid":{"rendered":"https:\/\/rollerhomechile.cl\/?page_id=130"},"modified":"2025-06-17T22:22:20","modified_gmt":"2025-06-17T22:22:20","slug":"garantia","status":"publish","type":"page","link":"https:\/\/rollerhomechile.cl\/?page_id=130","title":{"rendered":"Garant\u00eda"},"content":{"rendered":"<div class=\"wp-block-group wow animate__animated animate__slideInUp has-white-background-color has-background has-global-padding is-layout-constrained wp-container-core-group-is-layout-867c3d7b wp-block-group-is-layout-constrained\" style=\"margin-top:0;margin-bottom:0;padding-top:var(--wp--preset--spacing--30);padding-right:var(--wp--preset--spacing--30);padding-bottom:var(--wp--preset--spacing--30);padding-left:var(--wp--preset--spacing--30)\"><figure class=\"wp-block-video\"><video height=\"1080\" style=\"aspect-ratio: 1920 \/ 1080;\" width=\"1920\" autoplay controls muted src=\"https:\/\/rollerhomechile.cl\/wp-content\/uploads\/2025\/06\/0617-1-1.mp4\"><\/video><\/figure>\n\n<p class=\"has-mono-2-color has-text-color has-link-color wp-elements-84f5ad5729cb385b5c3e0f2736ba7263\">Cortinas y Persianas Roller Home\u00ae. \u00a0<\/p>\n\n<p class=\"has-mono-2-color has-text-color has-link-color wp-elements-333b0f89ac287fd9a429e475cf3146c9\">Una vez vencida la garant\u00eda legal \u00e9sta se extiende hasta por 5 a\u00f1os seg\u00fan el producto contados desde la fecha de compra, este beneficio adicional consistente en una garant\u00eda cuyo objetivo es cubrir da\u00f1os por materiales defectuosos, errores de fabricaci\u00f3n, los que ser\u00e1n reparados sin costo.&nbsp; Los gastos de desmontaje, fletes, visita a domicilio, instalaci\u00f3n e indemnizaciones de cualquier tipo, no se incluyen en esta garant\u00eda y deben ser asumidos por el cliente.<\/p>\n\n<p class=\"has-mono-2-color has-text-color has-link-color wp-elements-bbc68f7484444cf085ac2bfa02c40038\">La ejecuci\u00f3n de la garant\u00eda se realizar\u00e1 en nuestras tiendas f\u00edsicas Roller Home\u00ae ubicadas en distintas regiones de Chile.&nbsp;<\/p>\n\n<p class=\"has-mono-2-color has-text-color has-link-color wp-elements-bea8d9cbd1624644c16cd200f859d37d\">Esta garant\u00eda no cubre defectos o da\u00f1os causados por accidentes, actos violentos, reparaciones, alteraciones, reinstalaciones, mal uso, maltrato, y\/o por no ser seguidas correctamente las instrucciones de manejo, limpieza y mantenimiento de los productos\u202fRoller Home\u00ae. &nbsp;<\/p>\n\n<p class=\"has-mono-2-color has-text-color has-link-color wp-elements-93b4726327ecc27c60a24fd2e665b61c\">Esta garant\u00eda no cubre el desgaste o deterioro natural de los materiales que componen las cortinas y persianas.&nbsp;<\/p>\n\n<p class=\"has-mono-2-color has-text-color has-link-color wp-elements-143d2a241256a2dc9ba8eb339eabeb1c\">Esta Garant\u00eda no cubre da\u00f1os causados por la exposici\u00f3n de las cortinas a ambientes h\u00famedos que fueran excesivamente agresivos, agentes corrosivos, que est\u00e9n en contacto con los materiales que componen las cortinas, tales como la salinidad de la costa.&nbsp;<\/p>\n\n<p class=\"has-mono-2-color has-text-color has-link-color wp-elements-0ace56079cedd96495a54f4191749b05\">Esta garant\u00eda&nbsp;no cobre el da\u00f1o ocasionado por mantener&nbsp;cortina abajo con la ventana abierta, esta acci\u00f3n compromete inmediatamente las telas de las cortinas que no han sido dise\u00f1adas para estar en contacto con agentes externos como humedad, salinidad y poluci\u00f3n. &nbsp;<\/p>\n\n<p class=\"has-mono-2-color has-text-color has-link-color wp-elements-b3eba851e1c2b9caecd4b2ac67fb6c4a\">En el caso de persianas y cortinas motorizadas, la garant\u00eda no aplica si el motor ha sido abierto, desmantelado o devuelto con clara evidencia de mal uso o cualquier otro da\u00f1o, ocasionado por t\u00e9cnicos o personal ajeno a Roller Home\u00ae. &nbsp;<\/p>\n\n<p class=\"has-mono-2-color has-text-color has-link-color wp-elements-da5d976dcc30585f0679ad735b541f0d\">Todos los motores y accesorios electr\u00f3nicos tienen garant\u00eda de 1 a\u00f1o.&nbsp;<\/p>\n\n<p class=\"has-mono-2-color has-text-color has-link-color wp-elements-04a11e8a335fbd39b1de4c4ad4719a31\">Todos los accesorios de las cortinas e instalaci\u00f3n tienen garant\u00eda de 1 a\u00f1o.&nbsp;<\/p>\n\n<p class=\"has-mono-2-color has-text-color has-link-color wp-elements-077f56212ed27207ed1f59cae4ff3851\">Roller Home\u00ae no se hace responsable por fallas constructivas o de dise\u00f1o que puedan quedar en evidencia al momento de la instalaci\u00f3n, tales como tuber\u00edas dentro de muro, loza o fracturas de yeso y concreto.&nbsp;<\/p>\n\n<p class=\"has-mono-2-color has-text-color has-link-color wp-elements-93e364a2a121c3bd0605e3228c584238\">Para acceder al servicio de garant\u00eda usted deber\u00e1 ser el comprador original y presentar su reclamo, junto con la boleta o factura de compra. La garant\u00eda se har\u00e1 efectiva en el producto original que presente el defecto o falla, y en ning\u00fan caso se fabricar\u00e1 o reemplazar\u00e1 por otro producto nuevo.&nbsp;<\/p><\/div><section class=\"wp-block-cover wow animate__animated animate__slideInUp\" style=\"margin-top:0;margin-bottom:0;padding-top:var(--wp--preset--spacing--30);padding-bottom:var(--wp--preset--spacing--30);min-height:156px;aspect-ratio:unset;\"><img decoding=\"async\" class=\"wp-block-cover__image-background wp-image-1107\" alt=\"\" src=\"https:\/\/rollerhomechile.cl\/wp-content\/themes\/consultinggrove\/assets\/images\/projects-2.jpg\" data-object-fit=\"cover\"\/><span aria-hidden=\"true\" class=\"wp-block-cover__background has-mono-2-background-color has-background-dim-80 has-background-dim\"><\/span><div class=\"wp-block-cover__inner-container has-global-padding is-layout-constrained wp-block-cover-is-layout-constrained\"><div class=\"wp-block-columns are-vertically-aligned-center is-layout-flex wp-container-core-columns-is-layout-28f84493 wp-block-columns-is-layout-flex\"><div class=\"wp-block-column is-vertically-aligned-center is-layout-flow wp-block-column-is-layout-flow\"><h2 class=\"wp-block-heading has-text-align-left has-white-text-color-color has-text-color has-link-color wp-elements-9e97d84ba92e7dda9ae944559bd9357c\" style=\"font-size:clamp(25.014px, 1.563rem + ((1vw - 3.2px) * 1.93), 42px);\">\u00a1Consultas!<\/h2>\n\n<p class=\"has-text-align-left has-white-text-color-color has-text-color has-link-color wp-elements-a351424d4f2c4a0ad47ca64cbdc7a174\">Si tienes dudas, cont\u00e1ctanos.<\/p><\/div>\n\n<div class=\"wp-block-column is-vertically-aligned-center is-layout-flow wp-block-column-is-layout-flow\"><div class=\"wp-block-buttons is-content-justification-right is-layout-flex wp-container-core-buttons-is-layout-12e593c1 wp-block-buttons-is-layout-flex\" style=\"margin-top:0\"><div class=\"wp-block-button is-style-outline is-style-outline--1\"><a class=\"wp-block-button__link has-dark-text-color-color has-white-background-color has-text-color has-background has-link-color wp-element-button\" href=\"https:\/\/rollerhomechile.cl\/?page_id=140\" style=\"padding-right:var(--wp--preset--spacing--40);padding-left:var(--wp--preset--spacing--40)\">Cont\u00e1ctanos<\/a><\/div><\/div><\/div><\/div><\/div><\/section><p><\/p>","protected":false},"excerpt":{"rendered":"<p>Cortinas y Persianas Roller Home\u00ae. \u00a0 Una vez vencida la garant\u00eda legal \u00e9sta se extiende hasta por 5 a\u00f1os seg\u00fan el producto contados desde la fecha de compra, este beneficio adicional consistente en una garant\u00eda cuyo objetivo es cubrir da\u00f1os por materiales defectuosos, errores de fabricaci\u00f3n, los que ser\u00e1n reparados sin costo.&nbsp; Los gastos de [&hellip;]<\/p>\n","protected":false},"author":1,"featured_media":0,"parent":0,"menu_order":0,"comment_status":"closed","ping_status":"closed","template":"","meta":{"footnotes":""},"class_list":["post-130","page","type-page","status-publish","hentry"],"_links":{"self":[{"href":"https:\/\/rollerhomechile.cl\/index.php?rest_route=\/wp\/v2\/pages\/130","targetHints":{"allow":["GET"]}}],"collection":[{"href":"https:\/\/rollerhomechile.cl\/index.php?rest_route=\/wp\/v2\/pages"}],"about":[{"href":"https:\/\/rollerhomechile.cl\/index.php?rest_route=\/wp\/v2\/types\/page"}],"author":[{"embeddable":true,"href":"https:\/\/rollerhomechile.cl\/index.php?rest_route=\/wp\/v2\/users\/1"}],"replies":[{"embeddable":true,"href":"https:\/\/rollerhomechile.cl\/index.php?rest_route=%2Fwp%2Fv2%2Fcomments&post=130"}],"version-history":[{"count":10,"href":"https:\/\/rollerhomechile.cl\/index.php?rest_route=\/wp\/v2\/pages\/130\/revisions"}],"predecessor-version":[{"id":864,"href":"https:\/\/rollerhomechile.cl\/index.php?rest_route=\/wp\/v2\/pages\/130\/revisions\/864"}],"wp:attachment":[{"href":"https:\/\/rollerhomechile.cl\/index.php?rest_route=%2Fwp%2Fv2%2Fmedia&parent=130"}],"curies":[{"name":"wp","href":"https:\/\/api.w.org\/{rel}","templated":true}]}}