{"id":720,"date":"2025-05-22T21:33:05","date_gmt":"2025-05-22T21:33:05","guid":{"rendered":"https:\/\/rollerhomechile.cl\/?page_id=720"},"modified":"2025-05-27T04:24:43","modified_gmt":"2025-05-27T04:24:43","slug":"tendencias","status":"publish","type":"page","link":"https:\/\/rollerhomechile.cl\/?page_id=720","title":{"rendered":""},"content":{"rendered":"<div class=\"wp-block-group alignfull has-global-padding is-layout-constrained wp-container-core-group-is-layout-cd01f34c wp-block-group-is-layout-constrained\" style=\"margin-top:0;margin-bottom:0;padding-top:var(--wp--preset--spacing--superbspacing-xsmall);padding-right:var(--wp--preset--spacing--superbspacing-xxsmall);padding-bottom:var(--wp--preset--spacing--superbspacing-xsmall);padding-left:var(--wp--preset--spacing--superbspacing-xxsmall)\"><figure class=\"wp-block-image size-full\"><img loading=\"lazy\" decoding=\"async\" width=\"1024\" height=\"768\" src=\"https:\/\/rollerhomechile.cl\/wp-content\/uploads\/2024\/08\/5-1.png\" alt=\"\" class=\"wp-image-328\" style=\"aspect-ratio:16\/9;object-fit:cover\" srcset=\"https:\/\/rollerhomechile.cl\/wp-content\/uploads\/2024\/08\/5-1.png 1024w, https:\/\/rollerhomechile.cl\/wp-content\/uploads\/2024\/08\/5-1-600x450.png 600w, https:\/\/rollerhomechile.cl\/wp-content\/uploads\/2024\/08\/5-1-300x225.png 300w, https:\/\/rollerhomechile.cl\/wp-content\/uploads\/2024\/08\/5-1-768x576.png 768w\" sizes=\"auto, (max-width: 1024px) 100vw, 1024px\" \/><\/figure>\n\n<div class=\"wp-block-group has-global-padding is-layout-constrained wp-container-core-group-is-layout-cbbc2ce9 wp-block-group-is-layout-constrained\" style=\"padding-top:var(--wp--preset--spacing--superbspacing-xsmall);padding-bottom:var(--wp--preset--spacing--superbspacing-xsmall)\"><p class=\"has-featured-color has-text-color has-link-color has-superbfont-small-font-size wp-elements-3fd661dea582d3da06dc0bd5411d97ec\">Por Jesica Ithal<\/p>\n\n<h4 class=\"wp-block-heading has-text-align-center has-mono-2-color has-text-color has-link-color has-superbfont-large-font-size wp-elements-75b88b1b4b90163f713547ba18b99dc8\" style=\"line-height:1.2\"><strong>Tendencia en cortinas 2025<\/strong><\/h4>\n\n<p class=\"has-mono-2-color has-text-color has-link-color wp-elements-7af41555cdd586c722c77429b710bbc4\">Para el a\u00f1o 2025, las cortinas se caracterizan por un enfoque en la sofisticaci\u00f3n, la funcionalidad y el uso de materiales de alta calidad que transforman los espacios en ambientes elegantes y modernos. Aqu\u00ed est\u00e1n las principales tendencias en cortinas para este a\u00f1o:<\/p><\/div>\n\n<div class=\"wp-block-columns alignwide is-layout-flex wp-container-core-columns-is-layout-25593187 wp-block-columns-is-layout-flex\"><div class=\"wp-block-column is-vertically-aligned-stretch has-border-color has-primary-border-color has-mono-2-color has-text-color has-link-color wp-elements-16da6c8781f6e9cf8d1827b68c37ba30 is-layout-flow wp-container-core-column-is-layout-be311278 wp-block-column-is-layout-flow\" style=\"border-width:1px;padding-top:var(--wp--preset--spacing--superbspacing-xsmall);padding-right:var(--wp--preset--spacing--superbspacing-xsmall);padding-bottom:var(--wp--preset--spacing--superbspacing-xsmall);padding-left:var(--wp--preset--spacing--superbspacing-xsmall)\"><div class=\"wp-block-group is-layout-flow wp-container-core-group-is-layout-ff697075 wp-block-group-is-layout-flow\"><p class=\"has-mono-2-color has-text-color has-link-color has-superbfont-small-font-size wp-elements-4d78816ec787ca523b07bc250bc731ae\"><strong>1. Colores C\u00e1lidos y Terrosos<\/strong><br>Los tonos c\u00e1lidos y naturales, como los tonos terracota, mostaza, caramelo, y los colores profundos como el burdeos y el azul marino, ser\u00e1n populares en las cortinas este 2025. Estos colores aportan un aire de sofisticaci\u00f3n y confort a los espacios, creando ambientes acogedores y elegantes.<\/p>\n\n<figure class=\"wp-block-image size-large\"><img loading=\"lazy\" decoding=\"async\" width=\"1024\" height=\"579\" src=\"https:\/\/rollerhomechile.cl\/wp-content\/uploads\/2025\/05\/cortinas-Colores-Calidos-y-Terrosos_-1024x579.jpg\" alt=\"\" class=\"wp-image-728\" style=\"aspect-ratio:3\/2;object-fit:cover\" srcset=\"https:\/\/rollerhomechile.cl\/wp-content\/uploads\/2025\/05\/cortinas-Colores-Calidos-y-Terrosos_-1024x579.jpg 1024w, https:\/\/rollerhomechile.cl\/wp-content\/uploads\/2025\/05\/cortinas-Colores-Calidos-y-Terrosos_-300x170.jpg 300w, https:\/\/rollerhomechile.cl\/wp-content\/uploads\/2025\/05\/cortinas-Colores-Calidos-y-Terrosos_-768x434.jpg 768w, https:\/\/rollerhomechile.cl\/wp-content\/uploads\/2025\/05\/cortinas-Colores-Calidos-y-Terrosos_-600x339.jpg 600w, https:\/\/rollerhomechile.cl\/wp-content\/uploads\/2025\/05\/cortinas-Colores-Calidos-y-Terrosos_.jpg 1472w\" sizes=\"auto, (max-width: 1024px) 100vw, 1024px\" \/><\/figure><\/div>\n\n<p><\/p>\n\n<div class=\"wp-block-group is-layout-flow wp-container-core-group-is-layout-ff697075 wp-block-group-is-layout-flow\"><p><strong>2. Tejidos Nobles y Naturales<\/strong><br>El material como Lino se imponen en las cortinas, estos tejidos no solo tienen una apariencia lujosa, sino que tambi\u00e9n aportan una sensaci\u00f3n de confort. El Lino se caracteriza por su textura rustica y  capacidad para captar la luz, creando un efecto visual impresionante.<\/p>\n\n<figure class=\"wp-block-image size-full\"><img loading=\"lazy\" decoding=\"async\" width=\"768\" height=\"768\" src=\"https:\/\/rollerhomechile.cl\/wp-content\/uploads\/2025\/05\/nilo.jpg\" alt=\"\" class=\"wp-image-730\" style=\"aspect-ratio:3\/2;object-fit:cover\" srcset=\"https:\/\/rollerhomechile.cl\/wp-content\/uploads\/2025\/05\/nilo.jpg 768w, https:\/\/rollerhomechile.cl\/wp-content\/uploads\/2025\/05\/nilo-300x300.jpg 300w, https:\/\/rollerhomechile.cl\/wp-content\/uploads\/2025\/05\/nilo-150x150.jpg 150w, https:\/\/rollerhomechile.cl\/wp-content\/uploads\/2025\/05\/nilo-600x600.jpg 600w, https:\/\/rollerhomechile.cl\/wp-content\/uploads\/2025\/05\/nilo-100x100.jpg 100w\" sizes=\"auto, (max-width: 768px) 100vw, 768px\" \/><\/figure><\/div>\n\n<p class=\"has-text-align-left has-mono-2-color has-text-color\"><strong>3.<\/strong> <strong>Cortinas Largas y Fluidas<\/strong><br>Las cortinas largas que arrastran ligeramente el suelo siguen siendo una tendencia clave. Estas cortinas aportan un toque dram\u00e1tico y elegante a cualquier habitaci\u00f3n, mientras que los pliegues suaves y bien definidos crean un efecto fluido y sofisticado.<\/p><\/div>\n\n<div class=\"wp-block-column is-vertically-aligned-stretch has-border-color has-primary-border-color has-mono-2-color has-text-color has-link-color wp-elements-5e74007b3cb46223ca8b0d30c19da4da is-layout-flow wp-container-core-column-is-layout-c316c9ef wp-block-column-is-layout-flow\" style=\"border-width:1px;padding-top:var(--wp--preset--spacing--superbspacing-xxsmall);padding-right:var(--wp--preset--spacing--superbspacing-xsmall);padding-bottom:var(--wp--preset--spacing--superbspacing-xxsmall);padding-left:var(--wp--preset--spacing--superbspacing-xsmall)\"><p class=\"has-mono-2-color has-text-color has-link-color has-superbfont-small-font-size wp-elements-c45ad90504d7e6727787d5ca7de2f3aa\"><strong>4. Combinaci\u00f3n de Cortinas y Visillos<\/strong><br>La combinaci\u00f3n de una cortina opaca y un visillo m\u00e1s ligero permite controlar la cantidad de luz que entra en el espacio sin sacrificar la est\u00e9tica. Esta capa de visillo ofrece suavidad y luminosidad, mientras que la cortina m\u00e1s gruesa garantiza privacidad y aislamiento t\u00e9rmico, una combinaci\u00f3n perfecta para espacios.<\/p>\n\n<figure class=\"wp-block-image size-full\"><img loading=\"lazy\" decoding=\"async\" width=\"1024\" height=\"993\" src=\"https:\/\/rollerhomechile.cl\/wp-content\/uploads\/2024\/08\/portada-5.png\" alt=\"\" class=\"wp-image-406\" style=\"aspect-ratio:3\/2;object-fit:cover\" srcset=\"https:\/\/rollerhomechile.cl\/wp-content\/uploads\/2024\/08\/portada-5.png 1024w, https:\/\/rollerhomechile.cl\/wp-content\/uploads\/2024\/08\/portada-5-600x582.png 600w, https:\/\/rollerhomechile.cl\/wp-content\/uploads\/2024\/08\/portada-5-300x291.png 300w, https:\/\/rollerhomechile.cl\/wp-content\/uploads\/2024\/08\/portada-5-768x745.png 768w\" sizes=\"auto, (max-width: 1024px) 100vw, 1024px\" \/><\/figure>\n\n<p><strong>5.<\/strong> <strong>Tecnolog\u00eda en Cortinas<\/strong><br>Las cortinas motorizadas est\u00e1n tomando protagonismo, permitiendo su apertura y cierre con un control remoto o incluso mediante aplicaciones m\u00f3viles. Esta tendencia se adapta especialmente a espacios modernos y sofisticados, mejorando la comodidad y el control de la luz.<\/p>\n\n<figure class=\"wp-block-image size-full\"><img loading=\"lazy\" decoding=\"async\" width=\"1024\" height=\"768\" src=\"https:\/\/rollerhomechile.cl\/wp-content\/uploads\/2025\/05\/Diseno-sin-titulo.png\" alt=\"\" class=\"wp-image-807\" style=\"aspect-ratio:3\/2;object-fit:cover\" srcset=\"https:\/\/rollerhomechile.cl\/wp-content\/uploads\/2025\/05\/Diseno-sin-titulo.png 1024w, https:\/\/rollerhomechile.cl\/wp-content\/uploads\/2025\/05\/Diseno-sin-titulo-300x225.png 300w, https:\/\/rollerhomechile.cl\/wp-content\/uploads\/2025\/05\/Diseno-sin-titulo-768x576.png 768w, https:\/\/rollerhomechile.cl\/wp-content\/uploads\/2025\/05\/Diseno-sin-titulo-600x450.png 600w\" sizes=\"auto, (max-width: 1024px) 100vw, 1024px\" \/><\/figure>\n\n<p><strong>6. Cortinas de Piso a Techo<\/strong><br>Las cortinas que cubren toda la pared, desde el suelo hasta el techo, crean una ilusi\u00f3n de altura, haciendo que el espacio se vea m\u00e1s grande y elegante. Esta tendencia tambi\u00e9n permite que las cortinas sean una pieza central en la decoraci\u00f3n de tus habitaciones.<\/p><\/div><\/div>\n\n<p><\/p>\n\n<p style=\"border-top-color:var(--wp--preset--color--primary);border-top-style:dashed;border-top-width:1px;border-right-style:none;border-right-width:0px;border-bottom-style:none;border-bottom-width:0px;border-left-style:none;border-left-width:0px;margin-top:var(--wp--preset--spacing--superbspacing-medium);margin-bottom:var(--wp--preset--spacing--superbspacing-medium)\"><\/p>\n\n<p class=\"has-text-align-center has-primary-color has-text-color has-link-color wp-elements-5854b2a3f999404e44714207d09fab09\" style=\"font-size:clamp(16.834px, 1.052rem + ((1vw - 3.2px) * 1.042), 26px);\"><strong>CORTINAS<\/strong> <strong>UNISLAT<\/strong><\/p>\n\n<p class=\"has-mono-2-color has-text-color has-link-color wp-elements-aef34b465dca1c5b577a8ea7e3e1fe92\" style=\"font-size:clamp(14px, 0.875rem + ((1vw - 3.2px) * 0.455), 18px);\">Bajo esta tendencia destaca la cortina Unislat como una alternativa innovadora y funcional para quienes buscan elegancia y control eficiente de la luz, su dise\u00f1o compuesto por l\u00e1minas verticales de tela entrelazadas permite regular la luminosidad y la privacidad con gran precisi\u00f3n.<\/p>\n\n<p class=\"has-mono-2-color has-text-color has-link-color wp-elements-0ab147943002c9bfad11d66ca11bf658\" style=\"font-size:clamp(14px, 0.875rem + ((1vw - 3.2px) * 0.455), 18px);\">Una de sus ventajas m\u00e1s destacadas es la posibilidad de optar por versiones motorizadas, que facilitan su manejo mediante controles remotos o asistentes inteligentes. Esto no solo aporta comodidad, sino que tambi\u00e9n mejora la accesibilidad y la eficiencia en el uso diario, siendo una excelente opci\u00f3n para hogares con una decoraci\u00f3n moderna y cl\u00e1sica.<\/p>\n\n<p class=\"has-mono-2-color has-text-color has-link-color wp-elements-2982ec247e0c87bca72e7cbca3bbe399\" style=\"font-size:clamp(14px, 0.875rem + ((1vw - 3.2px) * 0.455), 18px);\">Adem\u00e1s de su est\u00e9tica sofisticada, las cortinas Unislat son f\u00e1ciles de mantener (lavables) y est\u00e1n dise\u00f1adas con materiales resistentes, lo que garantiza su durabilidad. Su capacidad para integrarse en distintos estilos de decoraci\u00f3n, junto con su funcionalidad avanzada, las convierte en una elecci\u00f3n ideal para quienes buscan confort y tecnolog\u00eda en un solo producto.<\/p>\n\n<figure class=\"wp-block-gallery has-nested-images columns-default is-cropped wp-block-gallery-1 is-layout-flex wp-block-gallery-is-layout-flex\"><figure class=\"wp-block-image size-large\"><img loading=\"lazy\" decoding=\"async\" width=\"1024\" height=\"768\" data-id=\"351\" src=\"https:\/\/rollerhomechile.cl\/wp-content\/uploads\/2024\/09\/3.png\" alt=\"\" class=\"wp-image-351\" srcset=\"https:\/\/rollerhomechile.cl\/wp-content\/uploads\/2024\/09\/3.png 1024w, https:\/\/rollerhomechile.cl\/wp-content\/uploads\/2024\/09\/3-600x450.png 600w, https:\/\/rollerhomechile.cl\/wp-content\/uploads\/2024\/09\/3-300x225.png 300w, https:\/\/rollerhomechile.cl\/wp-content\/uploads\/2024\/09\/3-768x576.png 768w\" sizes=\"auto, (max-width: 1024px) 100vw, 1024px\" \/><\/figure>\n\n<figure class=\"wp-block-image size-large\"><img loading=\"lazy\" decoding=\"async\" width=\"1024\" height=\"768\" data-id=\"356\" src=\"https:\/\/rollerhomechile.cl\/wp-content\/uploads\/2024\/09\/8.png\" alt=\"\" class=\"wp-image-356\" srcset=\"https:\/\/rollerhomechile.cl\/wp-content\/uploads\/2024\/09\/8.png 1024w, https:\/\/rollerhomechile.cl\/wp-content\/uploads\/2024\/09\/8-600x450.png 600w, https:\/\/rollerhomechile.cl\/wp-content\/uploads\/2024\/09\/8-300x225.png 300w, https:\/\/rollerhomechile.cl\/wp-content\/uploads\/2024\/09\/8-768x576.png 768w\" sizes=\"auto, (max-width: 1024px) 100vw, 1024px\" \/><\/figure>\n\n<figure class=\"wp-block-image size-large\"><img loading=\"lazy\" decoding=\"async\" width=\"1024\" height=\"768\" data-id=\"328\" src=\"https:\/\/rollerhomechile.cl\/wp-content\/uploads\/2024\/08\/5-1.png\" alt=\"\" class=\"wp-image-328\" srcset=\"https:\/\/rollerhomechile.cl\/wp-content\/uploads\/2024\/08\/5-1.png 1024w, https:\/\/rollerhomechile.cl\/wp-content\/uploads\/2024\/08\/5-1-600x450.png 600w, https:\/\/rollerhomechile.cl\/wp-content\/uploads\/2024\/08\/5-1-300x225.png 300w, https:\/\/rollerhomechile.cl\/wp-content\/uploads\/2024\/08\/5-1-768x576.png 768w\" sizes=\"auto, (max-width: 1024px) 100vw, 1024px\" \/><\/figure>\n\n<figure class=\"wp-block-image size-large\"><img loading=\"lazy\" decoding=\"async\" width=\"1024\" height=\"768\" data-id=\"350\" src=\"https:\/\/rollerhomechile.cl\/wp-content\/uploads\/2024\/09\/2-1.png\" alt=\"\" class=\"wp-image-350\" srcset=\"https:\/\/rollerhomechile.cl\/wp-content\/uploads\/2024\/09\/2-1.png 1024w, https:\/\/rollerhomechile.cl\/wp-content\/uploads\/2024\/09\/2-1-600x450.png 600w, https:\/\/rollerhomechile.cl\/wp-content\/uploads\/2024\/09\/2-1-300x225.png 300w, https:\/\/rollerhomechile.cl\/wp-content\/uploads\/2024\/09\/2-1-768x576.png 768w\" sizes=\"auto, (max-width: 1024px) 100vw, 1024px\" \/><\/figure>\n\n<figure class=\"wp-block-image size-large\"><img loading=\"lazy\" decoding=\"async\" width=\"300\" height=\"430\" data-id=\"460\" src=\"https:\/\/rollerhomechile.cl\/wp-content\/uploads\/2024\/08\/1-4.png\" alt=\"\" class=\"wp-image-460\" srcset=\"https:\/\/rollerhomechile.cl\/wp-content\/uploads\/2024\/08\/1-4.png 300w, https:\/\/rollerhomechile.cl\/wp-content\/uploads\/2024\/08\/1-4-209x300.png 209w\" sizes=\"auto, (max-width: 300px) 100vw, 300px\" \/><\/figure>\n\n<figure class=\"wp-block-image size-large\"><img loading=\"lazy\" decoding=\"async\" width=\"1024\" height=\"768\" data-id=\"329\" src=\"https:\/\/rollerhomechile.cl\/wp-content\/uploads\/2024\/08\/6.png\" alt=\"\" class=\"wp-image-329\" srcset=\"https:\/\/rollerhomechile.cl\/wp-content\/uploads\/2024\/08\/6.png 1024w, https:\/\/rollerhomechile.cl\/wp-content\/uploads\/2024\/08\/6-600x450.png 600w, https:\/\/rollerhomechile.cl\/wp-content\/uploads\/2024\/08\/6-300x225.png 300w, https:\/\/rollerhomechile.cl\/wp-content\/uploads\/2024\/08\/6-768x576.png 768w\" sizes=\"auto, (max-width: 1024px) 100vw, 1024px\" \/><\/figure>\n\n<figure class=\"wp-block-image size-large\"><img loading=\"lazy\" decoding=\"async\" width=\"1024\" height=\"647\" data-id=\"59\" src=\"https:\/\/rollerhomechile.cl\/wp-content\/uploads\/2024\/08\/unislat-2-1024x647.png\" alt=\"\" class=\"wp-image-59\" srcset=\"https:\/\/rollerhomechile.cl\/wp-content\/uploads\/2024\/08\/unislat-2-1024x647.png 1024w, https:\/\/rollerhomechile.cl\/wp-content\/uploads\/2024\/08\/unislat-2-600x379.png 600w, https:\/\/rollerhomechile.cl\/wp-content\/uploads\/2024\/08\/unislat-2-300x189.png 300w, https:\/\/rollerhomechile.cl\/wp-content\/uploads\/2024\/08\/unislat-2-768x485.png 768w, https:\/\/rollerhomechile.cl\/wp-content\/uploads\/2024\/08\/unislat-2.png 1392w\" sizes=\"auto, (max-width: 1024px) 100vw, 1024px\" \/><\/figure><\/figure>\n\n<p class=\"has-text-align-right has-primary-color has-text-color has-link-color has-superbfont-xxsmall-font-size wp-elements-a37e90bb1fdb5ecf68432fa60eea39e0\" style=\"font-style:italic;font-weight:400\">Chile, mayo 2025.<\/p><\/div><figure class=\"wp-block-image aligncenter size-full is-resized\"><img loading=\"lazy\" decoding=\"async\" width=\"500\" height=\"125\" src=\"https:\/\/rollerhomechile.cl\/wp-content\/uploads\/2025\/05\/firma-jesica-1.png\" alt=\"\" class=\"wp-image-783\" style=\"width:414px;height:auto\" srcset=\"https:\/\/rollerhomechile.cl\/wp-content\/uploads\/2025\/05\/firma-jesica-1.png 500w, https:\/\/rollerhomechile.cl\/wp-content\/uploads\/2025\/05\/firma-jesica-1-300x75.png 300w\" sizes=\"auto, (max-width: 500px) 100vw, 500px\" \/><\/figure><p><\/p>","protected":false},"excerpt":{"rendered":"<p>Por Jesica Ithal Tendencia en cortinas 2025 Para el a\u00f1o 2025, las cortinas se caracterizan por un enfoque en la sofisticaci\u00f3n, la funcionalidad y el uso de materiales de alta calidad que transforman los espacios en ambientes elegantes y modernos. Aqu\u00ed est\u00e1n las principales tendencias en cortinas para este a\u00f1o: 1. Colores C\u00e1lidos y TerrososLos [&hellip;]<\/p>\n","protected":false},"author":1,"featured_media":0,"parent":0,"menu_order":0,"comment_status":"closed","ping_status":"closed","template":"","meta":{"footnotes":""},"class_list":["post-720","page","type-page","status-publish","hentry"],"_links":{"self":[{"href":"https:\/\/rollerhomechile.cl\/index.php?rest_route=\/wp\/v2\/pages\/720","targetHints":{"allow":["GET"]}}],"collection":[{"href":"https:\/\/rollerhomechile.cl\/index.php?rest_route=\/wp\/v2\/pages"}],"about":[{"href":"https:\/\/rollerhomechile.cl\/index.php?rest_route=\/wp\/v2\/types\/page"}],"author":[{"embeddable":true,"href":"https:\/\/rollerhomechile.cl\/index.php?rest_route=\/wp\/v2\/users\/1"}],"replies":[{"embeddable":true,"href":"https:\/\/rollerhomechile.cl\/index.php?rest_route=%2Fwp%2Fv2%2Fcomments&post=720"}],"version-history":[{"count":58,"href":"https:\/\/rollerhomechile.cl\/index.php?rest_route=\/wp\/v2\/pages\/720\/revisions"}],"predecessor-version":[{"id":808,"href":"https:\/\/rollerhomechile.cl\/index.php?rest_route=\/wp\/v2\/pages\/720\/revisions\/808"}],"wp:attachment":[{"href":"https:\/\/rollerhomechile.cl\/index.php?rest_route=%2Fwp%2Fv2%2Fmedia&parent=720"}],"curies":[{"name":"wp","href":"https:\/\/api.w.org\/{rel}","templated":true}]}}