{"id":104,"date":"2024-08-01T05:43:04","date_gmt":"2024-08-01T05:43:04","guid":{"rendered":"https:\/\/rollerhomechile.cl\/?post_type=product&#038;p=104"},"modified":"2025-11-27T15:35:50","modified_gmt":"2025-11-27T15:35:50","slug":"roller-duo","status":"publish","type":"product","link":"https:\/\/rollerhomechile.cl\/?product=roller-duo","title":{"rendered":"Roller Duo"},"content":{"rendered":"\n<p><strong>Cortinas Roller Duo \u2013 Versatilidad y Elegancia en un Solo Sistema<\/strong><\/p>\n<p>Descubre la perfecta combinaci\u00f3n de estilo y funcionalidad con nuestras cortinas roller duo. Dise\u00f1adas para ofrecer un control de luz innovador y una apariencia elegante, las cortinas roller duo son ideales para quienes buscan flexibilidad y dise\u00f1o moderno en sus espacios.<\/p>\n<p><strong>Caracter\u00edsticas Principales:<\/strong><\/p>\n<ul>\n<li><strong>Dise\u00f1o D\u00fao de Lamas Alternas:<\/strong> Con un sistema de lamas horizontales que se alternan entre tejido opaco y transparente, las cortinas roller duo permiten un ajuste preciso de la luz, ofreciendo la opci\u00f3n de filtrar la luz natural o bloquearla completamente con facilidad.<\/li>\n<li><strong>Control de Luz Personalizado:<\/strong> Su mecanismo de enrollado permite cambiar entre diferentes niveles de privacidad y luminosidad, adapt\u00e1ndose a tus necesidades en cualquier momento del d\u00eda.<\/li>\n<li><strong>Estilo Moderno y Elegante:<\/strong> Disponibles en una variedad de colores y acabados, las cortinas roller duo aportan un toque contempor\u00e1neo a cualquier habitaci\u00f3n, combinando con diversos estilos de decoraci\u00f3n.<\/li>\n<li><strong>Ideal para:<\/strong> Salones, oficinas, dormitorios y cualquier espacio donde desees un control avanzado de la luz y la privacidad con un dise\u00f1o estilizado.<\/li>\n<\/ul>\n<p>Transforma tu hogar u oficina con las cortinas roller duo y disfruta de la versatilidad y la elegancia que solo un sistema de cortinas innovador puede ofrecer. \u00a1Descubre c\u00f3mo pueden mejorar tu entorno hoy!<\/p>\n","protected":false},"excerpt":{"rendered":"<p>Esta cortina dise\u00f1ada para cubrir espacios con mayor versatilidad y control solar, lograr\u00e1 potenciar cada habitaci\u00f3n de tu hogar. Estas cortinas est\u00e1n fabricadas con mecanismos reforzados, caracter\u00edstica que nos permite cubrir todo tipo de ventanas. Dentro de nuestra inmensa variedad encontraras modelos dise\u00f1ados para obtener mayor oscuridad y con diversos visillos que resguardar\u00e1n tu intimidad.<\/p>\n","protected":false},"featured_media":407,"comment_status":"open","ping_status":"closed","template":"","meta":[],"product_brand":[],"product_cat":[15,21],"product_tag":[],"class_list":{"0":"post-104","1":"product","2":"type-product","3":"status-publish","4":"has-post-thumbnail","6":"product_cat-productos","7":"product_cat-cortinas-roller","9":"first","10":"instock","11":"featured","12":"shipping-taxable","13":"product-type-simple"},"_links":{"self":[{"href":"https:\/\/rollerhomechile.cl\/index.php?rest_route=\/wp\/v2\/product\/104","targetHints":{"allow":["GET"]}}],"collection":[{"href":"https:\/\/rollerhomechile.cl\/index.php?rest_route=\/wp\/v2\/product"}],"about":[{"href":"https:\/\/rollerhomechile.cl\/index.php?rest_route=\/wp\/v2\/types\/product"}],"replies":[{"embeddable":true,"href":"https:\/\/rollerhomechile.cl\/index.php?rest_route=%2Fwp%2Fv2%2Fcomments&post=104"}],"wp:featuredmedia":[{"embeddable":true,"href":"https:\/\/rollerhomechile.cl\/index.php?rest_route=\/wp\/v2\/media\/407"}],"wp:attachment":[{"href":"https:\/\/rollerhomechile.cl\/index.php?rest_route=%2Fwp%2Fv2%2Fmedia&parent=104"}],"wp:term":[{"taxonomy":"product_brand","embeddable":true,"href":"https:\/\/rollerhomechile.cl\/index.php?rest_route=%2Fwp%2Fv2%2Fproduct_brand&post=104"},{"taxonomy":"product_cat","embeddable":true,"href":"https:\/\/rollerhomechile.cl\/index.php?rest_route=%2Fwp%2Fv2%2Fproduct_cat&post=104"},{"taxonomy":"product_tag","embeddable":true,"href":"https:\/\/rollerhomechile.cl\/index.php?rest_route=%2Fwp%2Fv2%2Fproduct_tag&post=104"}],"curies":[{"name":"wp","href":"https:\/\/api.w.org\/{rel}","templated":true}]}}