{"id":112,"date":"2024-08-20T05:49:54","date_gmt":"2024-08-20T05:49:54","guid":{"rendered":"https:\/\/rollerhomechile.cl\/?post_type=product&#038;p=112"},"modified":"2026-03-20T14:39:12","modified_gmt":"2026-03-20T14:39:12","slug":"112","status":"publish","type":"product","link":"https:\/\/rollerhomechile.cl\/?product=112","title":{"rendered":"Persiana Vertical"},"content":{"rendered":"<p>Persiana vertical, perfecta para un estilo cl\u00e1sico de decoraci\u00f3n, pr\u00e1ctica y de baja mantenci\u00f3n. Su principal caracter\u00edstica es que sus laminas se pueden girar para regular el ingreso de la luz y cuando estan abiertas permiten una buena visibilidad hacia el exterior. Confeccionada con mecanismos y telas importadas de gran calidad y resistencia.<\/p>\n<p>Disponibles en telas sunview y blackout.<\/p>\n","protected":false},"excerpt":{"rendered":"<p>Persiana vertical, perfecta para un estilo cl\u00e1sico de decoraci\u00f3n, pr\u00e1ctica y de baja mantenci\u00f3n. Su principal caracter\u00edstica es que sus laminas se pueden girar para regular el ingreso de la luz y cuando estan abiertas permiten una buena visibilidad hacia el exterior. Confeccionada con mecanismos y telas importadas de gran calidad y resistencia.<\/p>\n<p>Disponibles en telas sunview y blackout.<\/p>\n","protected":false},"featured_media":113,"comment_status":"open","ping_status":"closed","template":"","meta":[],"product_brand":[],"product_cat":[15,20],"product_tag":[],"class_list":{"0":"post-112","1":"product","2":"type-product","3":"status-publish","4":"has-post-thumbnail","6":"product_cat-productos","7":"product_cat-persianas","9":"first","10":"instock","11":"shipping-taxable","12":"product-type-simple"},"_links":{"self":[{"href":"https:\/\/rollerhomechile.cl\/index.php?rest_route=\/wp\/v2\/product\/112","targetHints":{"allow":["GET"]}}],"collection":[{"href":"https:\/\/rollerhomechile.cl\/index.php?rest_route=\/wp\/v2\/product"}],"about":[{"href":"https:\/\/rollerhomechile.cl\/index.php?rest_route=\/wp\/v2\/types\/product"}],"replies":[{"embeddable":true,"href":"https:\/\/rollerhomechile.cl\/index.php?rest_route=%2Fwp%2Fv2%2Fcomments&post=112"}],"wp:featuredmedia":[{"embeddable":true,"href":"https:\/\/rollerhomechile.cl\/index.php?rest_route=\/wp\/v2\/media\/113"}],"wp:attachment":[{"href":"https:\/\/rollerhomechile.cl\/index.php?rest_route=%2Fwp%2Fv2%2Fmedia&parent=112"}],"wp:term":[{"taxonomy":"product_brand","embeddable":true,"href":"https:\/\/rollerhomechile.cl\/index.php?rest_route=%2Fwp%2Fv2%2Fproduct_brand&post=112"},{"taxonomy":"product_cat","embeddable":true,"href":"https:\/\/rollerhomechile.cl\/index.php?rest_route=%2Fwp%2Fv2%2Fproduct_cat&post=112"},{"taxonomy":"product_tag","embeddable":true,"href":"https:\/\/rollerhomechile.cl\/index.php?rest_route=%2Fwp%2Fv2%2Fproduct_tag&post=112"}],"curies":[{"name":"wp","href":"https:\/\/api.w.org\/{rel}","templated":true}]}}