{"id":58,"date":"2024-08-01T04:04:46","date_gmt":"2024-08-01T04:04:46","guid":{"rendered":"https:\/\/rollerhomechile.cl\/?post_type=product&#038;p=58"},"modified":"2026-03-20T14:38:13","modified_gmt":"2026-03-20T14:38:13","slug":"unislat","status":"publish","type":"product","link":"https:\/\/rollerhomechile.cl\/?product=unislat","title":{"rendered":"Unislat"},"content":{"rendered":"<div>\n<p>No pierdas esta oportunidad. Cortina Unislat hasta un 40% de descuento hasta agotar stock<\/p>\n<p style=\"text-align: center;\"><em><strong>Cortina Unislat \u2013 Elegancia y Funcionalidad en Perfecta Armon\u00eda<\/strong><\/em><\/p>\n<p>Transforma tus espacios con la sofisticaci\u00f3n y el estilo de las cortinas Unislat. Dise\u00f1adas para ofrecer una combinaci\u00f3n ideal de privacidad, control de luz y est\u00e9tica moderna, las cortinas Unislat son la soluci\u00f3n perfecta para cualquier ambiente.<\/p>\n<p><strong>Caracter\u00edsticas Destacadas:<\/strong><\/p>\n<ul>\n<li><strong>Dise\u00f1o Contempor\u00e1neo:<\/strong> Con l\u00edneas limpias y un acabado elegante, las cortinas Unislat se integran perfectamente en cualquier estilo de decoraci\u00f3n, desde lo cl\u00e1sico hasta lo moderno.<\/li>\n<li><strong>Control de Luz Preciso:<\/strong> Gracias a su innovador sistema de lamas horizontales, podr\u00e1s ajustar la cantidad de luz natural que entra en tu habitaci\u00f3n con facilidad, creando ambientes luminosos o acogedores seg\u00fan tu preferencia.<\/li>\n<li><strong>Durabilidad y Resistencia:<\/strong> Fabricadas con materiales de alta calidad, las cortinas Unislat est\u00e1n dise\u00f1adas para resistir el paso del tiempo y mantener su apariencia impecable con el m\u00ednimo mantenimiento.<\/li>\n<li><strong>Variedad de Acabados:<\/strong> Disponibles en una amplia gama de colores y texturas, las cortinas Unislat te permiten personalizar tu espacio y adaptarlas a tu estilo personal.<\/li>\n<\/ul>\n\n<p><strong>Ideal para:<\/strong> Salones, oficinas, dormitorios y cualquier espacio que requiera una soluci\u00f3n funcional y estilizada para el control de luz y privacidad.<\/p>\n<p>Renueva tu hogar u oficina con las cortinas Unislat y disfruta de un toque de elegancia moderna y un control de luz excepcional. \u00a1Descubre c\u00f3mo estas cortinas pueden transformar tu ambiente hoy mismo!<\/p>\n<\/div>\n","protected":false},"excerpt":{"rendered":"<p><strong>Elegancia y Funcionalidad en Perfecta Armon\u00eda.<\/strong><\/p>\n<p>&nbsp;<\/p>\n<p>Una de las mas lujosas cortinas del mercado. Est\u00e1n compuestas de l\u00e1minas de tela vertical unidas a un hermoso velo transl\u00facido, cada l\u00e1mina esta instalada en un sofisticado y fino riel de aluminio reforzado, esto permite que se giren para que ingrese luz y tener visibilidad hacia el exterior. Se ven muy bonitas en ventanas\u2026<\/p>\n","protected":false},"featured_media":356,"comment_status":"open","ping_status":"closed","template":"","meta":[],"product_brand":[],"product_cat":[15],"product_tag":[],"class_list":{"0":"post-58","1":"product","2":"type-product","3":"status-publish","4":"has-post-thumbnail","6":"product_cat-productos","8":"first","9":"instock","10":"featured","11":"shipping-taxable","12":"product-type-simple"},"_links":{"self":[{"href":"https:\/\/rollerhomechile.cl\/index.php?rest_route=\/wp\/v2\/product\/58","targetHints":{"allow":["GET"]}}],"collection":[{"href":"https:\/\/rollerhomechile.cl\/index.php?rest_route=\/wp\/v2\/product"}],"about":[{"href":"https:\/\/rollerhomechile.cl\/index.php?rest_route=\/wp\/v2\/types\/product"}],"replies":[{"embeddable":true,"href":"https:\/\/rollerhomechile.cl\/index.php?rest_route=%2Fwp%2Fv2%2Fcomments&post=58"}],"wp:featuredmedia":[{"embeddable":true,"href":"https:\/\/rollerhomechile.cl\/index.php?rest_route=\/wp\/v2\/media\/356"}],"wp:attachment":[{"href":"https:\/\/rollerhomechile.cl\/index.php?rest_route=%2Fwp%2Fv2%2Fmedia&parent=58"}],"wp:term":[{"taxonomy":"product_brand","embeddable":true,"href":"https:\/\/rollerhomechile.cl\/index.php?rest_route=%2Fwp%2Fv2%2Fproduct_brand&post=58"},{"taxonomy":"product_cat","embeddable":true,"href":"https:\/\/rollerhomechile.cl\/index.php?rest_route=%2Fwp%2Fv2%2Fproduct_cat&post=58"},{"taxonomy":"product_tag","embeddable":true,"href":"https:\/\/rollerhomechile.cl\/index.php?rest_route=%2Fwp%2Fv2%2Fproduct_tag&post=58"}],"curies":[{"name":"wp","href":"https:\/\/api.w.org\/{rel}","templated":true}]}}